{"id":41,"date":"2016-03-04T13:19:58","date_gmt":"2016-03-04T13:19:58","guid":{"rendered":"http:\/\/taubate.sp.gov.br\/processoseletivo\/?page_id=41"},"modified":"2016-03-21T18:57:59","modified_gmt":"2016-03-21T18:57:59","slug":"duvidas","status":"publish","type":"page","link":"https:\/\/apps.taubate.sp.gov.br\/processoseletivo\/duvidas\/","title":{"rendered":"D\u00favidas"},"content":{"rendered":"<p><strong>1- Qual \u00e9 a diferen\u00e7a entre Concurso P\u00fablico e Processo Seletivo?<\/strong><br \/>\nO Concurso P\u00fablico tem por objetivo o preenchimento de cargos p\u00fablicos de provimento efetivo. Decorrido o prazo de tr\u00eas anos do est\u00e1gio probat\u00f3rio, o servidor adquire estabilidade. O Processo Seletivo tem por finalidade atender necessidades tempor\u00e1rias e excepcionais da Administra\u00e7\u00e3o direta ou indireta, ensejando sempre uma contrata\u00e7\u00e3o tempor\u00e1ria.<\/p>\n<p><strong>2- Como ter sucesso em concursos p\u00fablicos e processos seletivos?<\/strong><br \/>\nDefina muito bem o seu objetivo e procure utilizar m\u00e9todos eficientes de estudo. Seja disciplinado e organizado nos estudos. Come a estudar antes mesmo da publica\u00e7\u00e3o do edital. Leia atentamente e diversas vezes, se necess\u00e1rio, o edital. Podemos afirmar que quem l\u00ea o edital atentamente aumenta significativamente a probabilidade de ser aprovado num concurso ou num processo seletivo.<\/p>\n<p><strong>3- Como se preparar para um concurso?<\/strong><br \/>\nEstude as mat\u00e9rias b\u00e1sicas como l\u00edngua portuguesa e matem\u00e1tica, antes da publica\u00e7\u00e3o do edital. Ap\u00f3s a publica\u00e7\u00e3o do edital, concentre-se nas mat\u00e9rias espec\u00edficas para o cargo. Organize os seus hor\u00e1rios de estudo e deixe todo o material (livros, apostilas, etc) previamente preparado.<\/p>\n<p><strong>4- Quantas horas di\u00e1rias de estudo s\u00e3o necess\u00e1rias?<\/strong><br \/>\nAqui a palavra de ordem \u00e9 \u201cqualidade\u201d. O candidato n\u00e3o deve se preocupar com a quantidade de horas di\u00e1rias de estudo, mas sim com a qualidade do estudo empreendido naquele momento. \u00c9 prefer\u00edvel dedicar uma hora de estudo com m\u00e1xima concentra\u00e7\u00e3o, do que tr\u00eas ou quatro horas utilizadas de maneira incorreta. Desconfie daqueles que dizem que s\u00f3 conseguem estudar ouvindo m\u00fasica, ou com a TV ligada. Est\u00e1 mais do que provado que a concentra\u00e7\u00e3o fica muito prejudicada nessas situa\u00e7\u00f5es. Quando menos se espera, o candidato est\u00e1 batucando no ritmo da m\u00fasica e todo o seu esfor\u00e7o n\u00e3o ser\u00e1 recompensado.<\/p>\n<p><strong>5- Como funciona o tempo de espera para ser chamado para assumir o cargo, sendo que j\u00e1 passou no concurso?<\/strong><br \/>\nOs \u00f3rg\u00e3os p\u00fablicos s\u00e3o obrigados a chamar todos os candidatos aprovados, dentro do n\u00famero de vagas ofertadas, mas respeitando-se o prazo de validade do concurso, que geralmente \u00e9 de dois anos, prorrog\u00e1vel por igual per\u00edodo.<\/p>\n<p><strong>6- 10 dicas b\u00e1sicas para as pessoas continuarem com motiva\u00e7\u00e3o para estudar para concursos e para irem bem nas provas<\/strong><br \/>\nPassar em um concurso p\u00fablico, n\u00e3o \u00e9 tarefa t\u00e3o simples, exige bastante esfor\u00e7o para superar a concorr\u00eancia cada vez maior. Para n\u00e3o desistir no meio do caminho e conquistar o cargo desejado, o candidato deve seguir algumas dicas b\u00e1sicas:<br \/>\na) Objetivo &#8211; Definir qual cargo ou em qual \u00e1rea deseja ingressar<br \/>\nb) Planejamento &#8211; Planejar como ir\u00e1 estudar e definir hor\u00e1rios<br \/>\nc) M\u00e9todos &#8211; Utilizar m\u00e9todos de estudo eficientes<br \/>\nd) Disciplina &#8211; Manter disciplina e regularidade<br \/>\ne) Revis\u00e3o &#8211; Fazer resumos e utiliz\u00e1-los para revisar a mat\u00e9ria<br \/>\nf) Treino &#8211; Fazer muitas provas, quest\u00f5es e simulados de concursos<br \/>\ng) Lazer &#8211; Reservar um tempo para o lazer e descanso da mente<br \/>\nh) Motiva\u00e7\u00e3o &#8211; Pensar nos benef\u00edcios da conquista<br \/>\ni) Prova &#8211; Se preparar adequadamente para o dia da prova<br \/>\nj) Perseveran\u00e7a &#8211; Aprender com os erros e continuar tentando at\u00e9 conseguir<\/p>\n","protected":false},"excerpt":{"rendered":"<p>1- Qual \u00e9 a diferen\u00e7a entre Concurso P\u00fablico e Processo Seletivo? O Concurso P\u00fablico tem por objetivo o preenchimento de cargos p\u00fablicos de provimento efetivo. Decorrido o prazo de tr\u00eas anos do est\u00e1gio probat\u00f3rio, o servidor adquire estabilidade. O Processo Seletivo tem por finalidade atender necessidades tempor\u00e1rias e excepcionais da Administra\u00e7\u00e3o direta ou indireta, ensejando [&hellip;]<\/p>\n","protected":false},"author":7,"featured_media":0,"parent":0,"menu_order":0,"comment_status":"closed","ping_status":"closed","template":"","meta":{"footnotes":""},"class_list":["post-41","page","type-page","status-publish","hentry"],"_links":{"self":[{"href":"https:\/\/apps.taubate.sp.gov.br\/processoseletivo\/wp-json\/wp\/v2\/pages\/41","targetHints":{"allow":["GET"]}}],"collection":[{"href":"https:\/\/apps.taubate.sp.gov.br\/processoseletivo\/wp-json\/wp\/v2\/pages"}],"about":[{"href":"https:\/\/apps.taubate.sp.gov.br\/processoseletivo\/wp-json\/wp\/v2\/types\/page"}],"author":[{"embeddable":true,"href":"https:\/\/apps.taubate.sp.gov.br\/processoseletivo\/wp-json\/wp\/v2\/users\/7"}],"replies":[{"embeddable":true,"href":"https:\/\/apps.taubate.sp.gov.br\/processoseletivo\/wp-json\/wp\/v2\/comments?post=41"}],"version-history":[{"count":0,"href":"https:\/\/apps.taubate.sp.gov.br\/processoseletivo\/wp-json\/wp\/v2\/pages\/41\/revisions"}],"wp:attachment":[{"href":"https:\/\/apps.taubate.sp.gov.br\/processoseletivo\/wp-json\/wp\/v2\/media?parent=41"}],"curies":[{"name":"wp","href":"https:\/\/api.w.org\/{rel}","templated":true}]}}