{"id":9131,"date":"2026-04-22T19:48:32","date_gmt":"2026-04-22T19:48:32","guid":{"rendered":"https:\/\/apps.taubate.sp.gov.br\/processoseletivo\/?page_id=9131"},"modified":"2026-04-23T20:35:09","modified_gmt":"2026-04-23T20:35:09","slug":"empossados-cp-002-2021","status":"publish","type":"page","link":"https:\/\/apps.taubate.sp.gov.br\/processoseletivo\/empossados-cp-002-2021\/","title":{"rendered":"CP 002\/2021"},"content":{"rendered":"\n<figure class=\"wp-block-table is-style-stripes\"><table class=\"has-fixed-layout\"><tbody><tr><td>GLEICY HELLEN DA SILVA ROCHA<\/td><td>M\u00c9DICO<\/td><\/tr><tr><td>MONICA TALLYA CLAUDIA ASSIS LOPES<\/td><td>M\u00c9DICO<\/td><\/tr><tr><td>ROSANGELA VINCENZO GUGLIOTTA<\/td><td>M\u00c9DICO<\/td><\/tr><tr><td>STEFANIE MARIA MOURA PELOGGIA<\/td><td>M\u00c9DICO<\/td><\/tr><tr><td>TAIS FERNANDA DA SILVA PAPASSONI<\/td><td>M\u00c9DICO<\/td><\/tr><tr><td>THAIS CARVALHO DE ALMEIDA GUARNIERI<\/td><td>M\u00c9DICO<\/td><\/tr><tr><td>VITOR LOPES RIEMMA<\/td><td>M\u00c9DICO<\/td><\/tr><tr><td>ALINE FERNANDA DA SILVA NASCIMENTO<\/td><td>M\u00c9DICO ESPECIALISTA \u2013 GINECOLOGIA E OBSTETRICIA<\/td><\/tr><tr><td>ANA CAROLINA PATTO MOURA<\/td><td>M\u00c9DICO ESPECIALISTA \u2013 GINECOLOGIA E OBSTETRICIA<\/td><\/tr><tr><td>EDUARDA RODRIGUES DE TOLEDO<\/td><td>M\u00c9DICO ESPECIALISTA \u2013 GINECOLOGIA E OBSTETRICIA<\/td><\/tr><tr><td>JESSICA CIPRIANI SILVA<\/td><td>M\u00c9DICO ESPECIALISTA \u2013 GINECOLOGIA E OBSTETRICIA<\/td><\/tr><tr><td>MAIRA MONTESI CORDEIRO<\/td><td>M\u00c9DICO ESPECIALISTA \u2013 GINECOLOGIA E OBSTETRICIA<\/td><\/tr><tr><td>MARIANA MOTTA PIRES DE MORAIS<\/td><td>M\u00c9DICO ESPECIALISTA \u2013 GINECOLOGIA E OBSTETRICIA<\/td><\/tr><tr><td>MONIQUE DE CARVALHO SOUZA<\/td><td>M\u00c9DICO ESPECIALISTA \u2013 GINECOLOGIA E OBSTETRICIA<\/td><\/tr><tr><td>SIMONE DE LIMA SILVA<\/td><td>M\u00c9DICO ESPECIALISTA \u2013 GINECOLOGIA E OBSTETRICIA<\/td><\/tr><tr><td>CAMILLE SILVA RODRIGUES DE OLIVEIRA<\/td><td>M\u00c9DICO ESPECIALISTA \u2013 INFECTOLOGIA<\/td><\/tr><tr><td>ALBA REGINA DO AMARAL SILVA VELASCO<\/td><td>M\u00c9DICO ESPECIALISTA \u2013 PEDIATRIA<\/td><\/tr><tr><td>BRUNA DE GOUVEA MACHADO<\/td><td>M\u00c9DICO ESPECIALISTA \u2013 PEDIATRIA<\/td><\/tr><tr><td>BRUNO COUTINHO DE OLIVEIRA<\/td><td>M\u00c9DICO ESPECIALISTA \u2013 PEDIATRIA<\/td><\/tr><tr><td>CAMILA ROCHA DOS SANTOS MOURAO<\/td><td>M\u00c9DICO ESPECIALISTA \u2013 PEDIATRIA<\/td><\/tr><tr><td>DAIANE DE MORAES CAMARGO<\/td><td>M\u00c9DICO ESPECIALISTA \u2013 PEDIATRIA<\/td><\/tr><tr><td>ELISAMA OLIVEIRA MARCONDES<\/td><td>M\u00c9DICO ESPECIALISTA \u2013 PEDIATRIA<\/td><\/tr><tr><td>JANAINA CARDOZO FERREIRA MARTINS<\/td><td>M\u00c9DICO ESPECIALISTA \u2013 PEDIATRIA<\/td><\/tr><tr><td>REBECCA STABENOW<\/td><td>M\u00c9DICO ESPECIALISTA \u2013 PEDIATRIA<\/td><\/tr><tr><td>SARITA PINHEIRO SANTOS<\/td><td>M\u00c9DICO ESPECIALISTA \u2013 PEDIATRIA<\/td><\/tr><tr><td>THABATA CHICONINI FARIA<\/td><td>M\u00c9DICO ESPECIALISTA \u2013 PEDIATRIA<\/td><\/tr><tr><td>PAMELLA DE PAULA BELLINI<\/td><td>M\u00c9DICO ESPECIALISTA \u2013 REUMATOLOGIA<\/td><\/tr><tr><td>LEONARDO GANDHI FERREIRA LACERDA<\/td><td>M\u00c9DICO PSF<\/td><\/tr><tr><td>ADRIANA MAGALHAES SILVA DE PAULO<\/td><td>TECNICO DE ENFERMAGEM<\/td><\/tr><tr><td>ADRIELE APARECIDA MONTEIRO DE CAMPOS<\/td><td>TECNICO DE ENFERMAGEM<\/td><\/tr><tr><td>AMABILE MONIQUE SILVA DE ASSIS<\/td><td>TECNICO DE ENFERMAGEM<\/td><\/tr><tr><td>AMANDA BEATRIZ DOS SANTOS SILVESTRE<\/td><td>TECNICO DE ENFERMAGEM<\/td><\/tr><tr><td>BARBARA ELLEN SIQUEIRA PENINA<\/td><td>TECNICO DE ENFERMAGEM<\/td><\/tr><tr><td>BARBARA VASCONCELOS DE BARROS URIAS<\/td><td>TECNICO DE ENFERMAGEM<\/td><\/tr><tr><td>BRUNA CAROLINE RASCON BANDIOLI<\/td><td>TECNICO DE ENFERMAGEM<\/td><\/tr><tr><td>CAROLINA FERREIRA BASSINI RODRIGUES<\/td><td>TECNICO DE ENFERMAGEM<\/td><\/tr><tr><td>CAROLINA FRANCA RODRIGUES DE JESUS<\/td><td>TECNICO DE ENFERMAGEM<\/td><\/tr><tr><td>CINTIA MEDEIROS CAILLEAUX BARROS<\/td><td>TECNICO DE ENFERMAGEM<\/td><\/tr><tr><td>DAIANE FELON CORCI PEREIRA<\/td><td>TECNICO DE ENFERMAGEM<\/td><\/tr><tr><td>ELAINE CRISTINA DOS SANTOS FIGUEIRA<\/td><td>TECNICO DE ENFERMAGEM<\/td><\/tr><tr><td>ELAINE CRISTINA PEREIRA PIRES<\/td><td>TECNICO DE ENFERMAGEM<\/td><\/tr><tr><td>ELAINE DE OLIVEIRA MASCARENHAS MELO<\/td><td>TECNICO DE ENFERMAGEM<\/td><\/tr><tr><td>ELIANE DE SOUZA BANHOS<\/td><td>TECNICO DE ENFERMAGEM<\/td><\/tr><tr><td>ELOISE CAMPOS CORREA<\/td><td>TECNICO DE ENFERMAGEM<\/td><\/tr><tr><td>GABRIELA SOUZA DE MOURA<\/td><td>TECNICO DE ENFERMAGEM<\/td><\/tr><tr><td>GISELE APARECIDA DE OLIVEIRA SILVA<\/td><td>TECNICO DE ENFERMAGEM<\/td><\/tr><tr><td>HELENA PEREIRA SOARES LARA CALDEIRA<\/td><td>TECNICO DE ENFERMAGEM<\/td><\/tr><tr><td>ISABELLY RAMOS CARDOSO<\/td><td>TECNICO DE ENFERMAGEM<\/td><\/tr><tr><td>JANAINA RODRIGUES DE ABREU<\/td><td>TECNICO DE ENFERMAGEM<\/td><\/tr><tr><td>JANDIRA DOS SANTOS BISPO<\/td><td>TECNICO DE ENFERMAGEM<\/td><\/tr><tr><td>LAUDICEA DA COSTA BARRETO<\/td><td>TECNICO DE ENFERMAGEM<\/td><\/tr><tr><td>LEANDRA AMARO DA SILVA<\/td><td>TECNICO DE ENFERMAGEM<\/td><\/tr><tr><td>LIARA LISSINIA LIDIANE DE OLIVEIRA<\/td><td>TECNICO DE ENFERMAGEM<\/td><\/tr><tr><td>LILIAN MAZIERO<\/td><td>TECNICO DE ENFERMAGEM<\/td><\/tr><tr><td>LUANA CRISTINA DE SA CARVALHO DA CRUZ<\/td><td>TECNICO DE ENFERMAGEM<\/td><\/tr><tr><td>LUCIANA CARNEIRO EUZEBIO DE SILVA<\/td><td>TECNICO DE ENFERMAGEM<\/td><\/tr><tr><td>LUIS HENRIQUE DE JESUS SOARES<\/td><td>TECNICO DE ENFERMAGEM<\/td><\/tr><tr><td>MAGDA DE ALMEIDA<\/td><td>TECNICO DE ENFERMAGEM<\/td><\/tr><tr><td>MARCIA BENEDITA DA SILVA<\/td><td>TECNICO DE ENFERMAGEM<\/td><\/tr><tr><td>MARCIA REGINA ROCHA KANASHIRO<\/td><td>TECNICO DE ENFERMAGEM<\/td><\/tr><tr><td>MARCOS MARCOS DA CRUZ FILHO<\/td><td>TECNICO DE ENFERMAGEM<\/td><\/tr><tr><td>MARGARETE DE MARTINI DOMICIANO<\/td><td>TECNICO DE ENFERMAGEM<\/td><\/tr><tr><td>MARIA CAROLINA DOS SANTOS BRITO<\/td><td>TECNICO DE ENFERMAGEM<\/td><\/tr><tr><td>MARIA GABRYELLE DE PAULO<\/td><td>TECNICO DE ENFERMAGEM<\/td><\/tr><tr><td>MICHELE APARECIDA ZACHARA<\/td><td>TECNICO DE ENFERMAGEM<\/td><\/tr><tr><td>MILENE APARECIDA CUNHA<\/td><td>TECNICO DE ENFERMAGEM<\/td><\/tr><tr><td>NATALIA CRISTINE DA SILVA<\/td><td>TECNICO DE ENFERMAGEM<\/td><\/tr><tr><td>NEUZA LOURDES DE BRITO<\/td><td>TECNICO DE ENFERMAGEM<\/td><\/tr><tr><td>ODETE MARIA RABELO DA FONSECA<\/td><td>TECNICO DE ENFERMAGEM<\/td><\/tr><tr><td>PAULO RIBEIRO DE CARVALHO NETO<\/td><td>TECNICO DE ENFERMAGEM<\/td><\/tr><tr><td>PRISCILA DA SILVA ROCHA NOGUEIRA<\/td><td>TECNICO DE ENFERMAGEM<\/td><\/tr><tr><td>PRISCILA GUEDES<\/td><td>TECNICO DE ENFERMAGEM<\/td><\/tr><tr><td>RAFAELA DA SILVA RODRIGUES<\/td><td>TECNICO DE ENFERMAGEM<\/td><\/tr><tr><td>RENAN FLAVIO MENECUCCI<\/td><td>TECNICO DE ENFERMAGEM<\/td><\/tr><tr><td>RENATA APARECIDA QUEIROZ<\/td><td>TECNICO DE ENFERMAGEM<\/td><\/tr><tr><td>ROSANA APARECIDA DE CASTRO<\/td><td>TECNICO DE ENFERMAGEM<\/td><\/tr><tr><td>ROSEMARA DE AVILA FURTADO<\/td><td>TECNICO DE ENFERMAGEM<\/td><\/tr><tr><td>SILMARA DE SOUZA ALVES<\/td><td>TECNICO DE ENFERMAGEM<\/td><\/tr><tr><td>SIRLEIDE SILVA DO REGO SANTOS<\/td><td>TECNICO DE ENFERMAGEM<\/td><\/tr><tr><td>TATIANA CRISTINA DOS SANTOS SEBASTIAO<\/td><td>TECNICO DE ENFERMAGEM<\/td><\/tr><tr><td>TATIANE APARECIDA DE JESUS<\/td><td>TECNICO DE ENFERMAGEM<\/td><\/tr><tr><td>TAUANE EDUARDA BERTTI SANTOS<\/td><td>TECNICO DE ENFERMAGEM<\/td><\/tr><tr><td>THAIS CRISTINA FERREIRA<\/td><td>TECNICO DE ENFERMAGEM<\/td><\/tr><tr><td>THAMIRYS LOPES SILVA<\/td><td>TECNICO DE ENFERMAGEM<\/td><\/tr><tr><td>VALDEIR PEREIRA XAVIER<\/td><td>TECNICO DE ENFERMAGEM<\/td><\/tr><tr><td>VANUSA MARIA COSTA GIMENEZ MONTAGUT<\/td><td>TECNICO DE ENFERMAGEM<\/td><\/tr><tr><td>VERA CRISTINA DA CUNHA<\/td><td>TECNICO DE ENFERMAGEM<\/td><\/tr><tr><td>VIC REHM NOGUEIRA<\/td><td>TECNICO DE ENFERMAGEM<\/td><\/tr><tr><td>VICTOR MATEUS SATILO MIGOTTO<\/td><td>TECNICO DE ENFERMAGEM<\/td><\/tr><tr><td>VITORIA FERREIRA DE MELO SOUZA<\/td><td>TECNICO DE ENFERMAGEM<\/td><\/tr><tr><td>VITORIA YARA ANGELO DA SILVA<\/td><td>TECNICO DE ENFERMAGEM<\/td><\/tr><tr><td>WALKYRIA MARLI BASILIO<\/td><td>TECNICO DE ENFERMAGEM<\/td><\/tr><tr><td>ZULEIDE OLIVEIRA CESAR<\/td><td>TECNICO DE ENFERMAGEM<\/td><\/tr><\/tbody><\/table><\/figure>\n","protected":false},"excerpt":{"rendered":"<p>GLEICY HELLEN DA SILVA ROCHA M\u00c9DICO MONICA TALLYA CLAUDIA ASSIS LOPES M\u00c9DICO ROSANGELA VINCENZO GUGLIOTTA M\u00c9DICO STEFANIE MARIA MOURA PELOGGIA M\u00c9DICO TAIS FERNANDA DA SILVA PAPASSONI M\u00c9DICO THAIS CARVALHO DE ALMEIDA GUARNIERI M\u00c9DICO VITOR LOPES RIEMMA M\u00c9DICO ALINE FERNANDA DA SILVA NASCIMENTO M\u00c9DICO ESPECIALISTA \u2013 GINECOLOGIA E OBSTETRICIA ANA CAROLINA PATTO MOURA M\u00c9DICO ESPECIALISTA \u2013 [&hellip;]<\/p>\n","protected":false},"author":5,"featured_media":0,"parent":0,"menu_order":0,"comment_status":"closed","ping_status":"closed","template":"","meta":{"footnotes":""},"class_list":["post-9131","page","type-page","status-publish","hentry"],"_links":{"self":[{"href":"https:\/\/apps.taubate.sp.gov.br\/processoseletivo\/wp-json\/wp\/v2\/pages\/9131","targetHints":{"allow":["GET"]}}],"collection":[{"href":"https:\/\/apps.taubate.sp.gov.br\/processoseletivo\/wp-json\/wp\/v2\/pages"}],"about":[{"href":"https:\/\/apps.taubate.sp.gov.br\/processoseletivo\/wp-json\/wp\/v2\/types\/page"}],"author":[{"embeddable":true,"href":"https:\/\/apps.taubate.sp.gov.br\/processoseletivo\/wp-json\/wp\/v2\/users\/5"}],"replies":[{"embeddable":true,"href":"https:\/\/apps.taubate.sp.gov.br\/processoseletivo\/wp-json\/wp\/v2\/comments?post=9131"}],"version-history":[{"count":2,"href":"https:\/\/apps.taubate.sp.gov.br\/processoseletivo\/wp-json\/wp\/v2\/pages\/9131\/revisions"}],"predecessor-version":[{"id":9167,"href":"https:\/\/apps.taubate.sp.gov.br\/processoseletivo\/wp-json\/wp\/v2\/pages\/9131\/revisions\/9167"}],"wp:attachment":[{"href":"https:\/\/apps.taubate.sp.gov.br\/processoseletivo\/wp-json\/wp\/v2\/media?parent=9131"}],"curies":[{"name":"wp","href":"https:\/\/api.w.org\/{rel}","templated":true}]}}