{"id":9137,"date":"2026-04-22T20:13:38","date_gmt":"2026-04-22T20:13:38","guid":{"rendered":"https:\/\/apps.taubate.sp.gov.br\/processoseletivo\/?page_id=9137"},"modified":"2026-04-24T17:33:38","modified_gmt":"2026-04-24T17:33:38","slug":"empossados-cp-004-2023","status":"publish","type":"page","link":"https:\/\/apps.taubate.sp.gov.br\/processoseletivo\/empossados-cp-004-2023\/","title":{"rendered":"CP 004\/2023"},"content":{"rendered":"\n<figure class=\"wp-block-table is-style-stripes\"><table class=\"has-fixed-layout\"><tbody><tr><td>CAROLINE PEREIRA DOS SANTOS<\/td><td>AUXILIAR DE SA\u00daDE BUCAL<\/td><\/tr><tr><td>DJAELMA BATISTA DA SILVA SANTOS<\/td><td>AUXILIAR DE SA\u00daDE BUCAL<\/td><\/tr><tr><td>MICHELE DE CARVALHO<\/td><td>AUXILIAR DE SA\u00daDE BUCAL<\/td><\/tr><tr><td>JULIANE CORTES AMADEU FERREIRA<\/td><td>FONOAUDI\u00d3LOGO<\/td><\/tr><tr><td>PRISCILA HAYDEE DE SOUZA<\/td><td>FONOAUDI\u00d3LOGO<\/td><\/tr><tr><td>ALINE MARTINS LINO<\/td><td>M\u00c9DICO<\/td><\/tr><tr><td>ANA PAULA DOS SANTOS<\/td><td>M\u00c9DICO<\/td><\/tr><tr><td>BRUNA CAROLINA VIALTA MARTON CARDOSO<\/td><td>M\u00c9DICO<\/td><\/tr><tr><td>BRUNA GRAZIELLE SILVA DOS SANTOS<\/td><td>M\u00c9DICO<\/td><\/tr><tr><td>CAROLINE SOARES E FARIAS<\/td><td>M\u00c9DICO<\/td><\/tr><tr><td>CLAUDIA ROSSI FERREIRA DE MORAIS<\/td><td>M\u00c9DICO<\/td><\/tr><tr><td>DANIEL DE ALMEIDA BERNARDES GIL<\/td><td>M\u00c9DICO<\/td><\/tr><tr><td>LEANDRO FLORES NOGUEIRA<\/td><td>M\u00c9DICO<\/td><\/tr><tr><td>MARIA CAROLLINA GRILLO GONZAGA<\/td><td>M\u00c9DICO<\/td><\/tr><tr><td>RICARDO SILVEIRA POLO<\/td><td>M\u00c9DICO<\/td><\/tr><tr><td>BRUNO CESAR LODUCCA CHAGURI MEDICO <\/td><td>MEDICO ESPECIALISTA \u2013 CARDIOLOGIA<\/td><\/tr><tr><td>GLENDA ALVES PEREIRA DE OLIVEIRA<\/td><td>MEDICO ESPECIALISTA \u2013 GASTROENTEROLOGIA<\/td><\/tr><tr><td>JUSSARA JUNQUEIRA RANGEL KRUMENAUER<\/td><td>MEDICO ESPECIALISTA \u2013 CARDIOLOGIA INFANTIL<\/td><\/tr><tr><td>LUCIANA TORTOSA MARANGONI<\/td><td>M\u00c9DICO ESPECIALISTA \u2013 CARDIOLOGIA ADULTO<\/td><\/tr><tr><td>DRIELLE REZENDE PAVANITTO SILVEIRA<\/td><td>M\u00c9DICO ESPECIALISTA \u2013 ENDOCRINOLOGIA<\/td><\/tr><tr><td>LARISSA ALMEIDA CAMPOS ESTEVES<\/td><td>M\u00c9DICO ESPECIALISTA \u2013 GASTROENTEROLOGIA<\/td><\/tr><tr><td>MARIA CAROLINA DE FARIA MANARA<\/td><td>M\u00c9DICO ESPECIALISTA \u2013 NEUROLOGIA ADULTO<\/td><\/tr><tr><td>JULIANA CLARO PELOSO<\/td><td>M\u00c9DICO ESPECIALISTA \u2013 PNEUMOLOGIA ADULTO<\/td><\/tr><tr><td>PAULO EDUARDO DE MOURA CARVALHO<\/td><td>M\u00c9DICO ESPECIALISTA \u2013 PSIQUIATRIA<\/td><\/tr><tr><td>ANTONIO JOSE SANTANA<\/td><td>M\u00c9DICO PSF<\/td><\/tr><tr><td>ANA CAROLINA SAURO<\/td><td>M\u00c9DICO PSF<\/td><\/tr><tr><td>MARCELA QUEIROZ SPINASSE NUNES<\/td><td>M\u00c9DICO PSF<\/td><\/tr><tr><td>LARISSA MAGALHAES BRIET<\/td><td>TECNICO DE ENFERMAGEM PSF<\/td><\/tr><tr><td>NATALIA GONCALVES LAMEGO<\/td><td>TECNICO DE ENFERMAGEM PSF<\/td><\/tr><tr><td>SIMONE FERREIRA BRITO<\/td><td>TECNICO DE ENFERMAGEM PSF<\/td><\/tr><tr><td>TALITA ALINE DE OLIVEIRA CAMPOS<\/td><td>TECNICO DE ENFERMAGEM PSF<\/td><\/tr><tr><td>JULIANA MORAIS FRANCO<\/td><td>TERAPEUTA OCUPACIONAL<\/td><\/tr><tr><td>MARCELO DORNELAS DA SILVA<\/td><td>TERAPEUTA OCUPACIONAL<\/td><\/tr><\/tbody><\/table><\/figure>\n","protected":false},"excerpt":{"rendered":"<p>CAROLINE PEREIRA DOS SANTOS AUXILIAR DE SA\u00daDE BUCAL DJAELMA BATISTA DA SILVA SANTOS AUXILIAR DE SA\u00daDE BUCAL MICHELE DE CARVALHO AUXILIAR DE SA\u00daDE BUCAL JULIANE CORTES AMADEU FERREIRA FONOAUDI\u00d3LOGO PRISCILA HAYDEE DE SOUZA FONOAUDI\u00d3LOGO ALINE MARTINS LINO M\u00c9DICO ANA PAULA DOS SANTOS M\u00c9DICO BRUNA CAROLINA VIALTA MARTON CARDOSO M\u00c9DICO BRUNA GRAZIELLE SILVA DOS SANTOS M\u00c9DICO [&hellip;]<\/p>\n","protected":false},"author":5,"featured_media":0,"parent":0,"menu_order":0,"comment_status":"closed","ping_status":"closed","template":"","meta":{"footnotes":""},"class_list":["post-9137","page","type-page","status-publish","hentry"],"_links":{"self":[{"href":"https:\/\/apps.taubate.sp.gov.br\/processoseletivo\/wp-json\/wp\/v2\/pages\/9137","targetHints":{"allow":["GET"]}}],"collection":[{"href":"https:\/\/apps.taubate.sp.gov.br\/processoseletivo\/wp-json\/wp\/v2\/pages"}],"about":[{"href":"https:\/\/apps.taubate.sp.gov.br\/processoseletivo\/wp-json\/wp\/v2\/types\/page"}],"author":[{"embeddable":true,"href":"https:\/\/apps.taubate.sp.gov.br\/processoseletivo\/wp-json\/wp\/v2\/users\/5"}],"replies":[{"embeddable":true,"href":"https:\/\/apps.taubate.sp.gov.br\/processoseletivo\/wp-json\/wp\/v2\/comments?post=9137"}],"version-history":[{"count":3,"href":"https:\/\/apps.taubate.sp.gov.br\/processoseletivo\/wp-json\/wp\/v2\/pages\/9137\/revisions"}],"predecessor-version":[{"id":9180,"href":"https:\/\/apps.taubate.sp.gov.br\/processoseletivo\/wp-json\/wp\/v2\/pages\/9137\/revisions\/9180"}],"wp:attachment":[{"href":"https:\/\/apps.taubate.sp.gov.br\/processoseletivo\/wp-json\/wp\/v2\/media?parent=9137"}],"curies":[{"name":"wp","href":"https:\/\/api.w.org\/{rel}","templated":true}]}}