{"id":9146,"date":"2026-04-23T19:37:58","date_gmt":"2026-04-23T19:37:58","guid":{"rendered":"https:\/\/apps.taubate.sp.gov.br\/processoseletivo\/?page_id=9146"},"modified":"2026-04-23T20:33:54","modified_gmt":"2026-04-23T20:33:54","slug":"empossados-cp-006-2023","status":"publish","type":"page","link":"https:\/\/apps.taubate.sp.gov.br\/processoseletivo\/empossados-cp-006-2023\/","title":{"rendered":"CP 006\/2023"},"content":{"rendered":"\n<figure class=\"wp-block-table is-style-stripes\"><table class=\"has-fixed-layout\"><tbody><tr><td>ANA CAROLINA ANTUNES ANDRADE<\/td><td>AGENTE FISCAL DE SA\u00daDE P\u00daBLICA \u2013 NUTRI\u00c7\u00c3O<\/td><\/tr><tr><td>SAMARA SANTOS SILVA<\/td><td>AGENTE FISCAL DE SA\u00daDE P\u00daBLICA- SERVI\u00c7O SOCIAL<\/td><\/tr><tr><td>VIVIAN KOKIS PEREIRA<\/td><td>AGENTE FISCAL DE SA\u00daDE P\u00daBLICA \u2013 ENFERMAGEM<\/td><\/tr><tr><td>FABIO HENRIQUE DE AVILA LIMA<\/td><td>CONTADOR<\/td><\/tr><tr><td>JHONY BATISTA CORREA<\/td><td>CONTADOR<\/td><\/tr><tr><td>MARCOS VINICIUS MACHADO GONCALVES<\/td><td>CONTADOR<\/td><\/tr><tr><td>TIAGO MORAIS NOGUEIRA<\/td><td>ENGENHEIRO ELETRICISTA<\/td><\/tr><tr><td>RENATA ARMANI DE MOURA MENEZES<\/td><td>M\u00c9DICO ESPECIALISTA \u2013 GERIATRIA<\/td><\/tr><\/tbody><\/table><\/figure>\n","protected":false},"excerpt":{"rendered":"<p>ANA CAROLINA ANTUNES ANDRADE AGENTE FISCAL DE SA\u00daDE P\u00daBLICA \u2013 NUTRI\u00c7\u00c3O SAMARA SANTOS SILVA AGENTE FISCAL DE SA\u00daDE P\u00daBLICA- SERVI\u00c7O SOCIAL VIVIAN KOKIS PEREIRA AGENTE FISCAL DE SA\u00daDE P\u00daBLICA \u2013 ENFERMAGEM FABIO HENRIQUE DE AVILA LIMA CONTADOR JHONY BATISTA CORREA CONTADOR MARCOS VINICIUS MACHADO GONCALVES CONTADOR TIAGO MORAIS NOGUEIRA ENGENHEIRO ELETRICISTA RENATA ARMANI DE MOURA [&hellip;]<\/p>\n","protected":false},"author":5,"featured_media":0,"parent":0,"menu_order":0,"comment_status":"closed","ping_status":"closed","template":"","meta":{"footnotes":""},"class_list":["post-9146","page","type-page","status-publish","hentry"],"_links":{"self":[{"href":"https:\/\/apps.taubate.sp.gov.br\/processoseletivo\/wp-json\/wp\/v2\/pages\/9146","targetHints":{"allow":["GET"]}}],"collection":[{"href":"https:\/\/apps.taubate.sp.gov.br\/processoseletivo\/wp-json\/wp\/v2\/pages"}],"about":[{"href":"https:\/\/apps.taubate.sp.gov.br\/processoseletivo\/wp-json\/wp\/v2\/types\/page"}],"author":[{"embeddable":true,"href":"https:\/\/apps.taubate.sp.gov.br\/processoseletivo\/wp-json\/wp\/v2\/users\/5"}],"replies":[{"embeddable":true,"href":"https:\/\/apps.taubate.sp.gov.br\/processoseletivo\/wp-json\/wp\/v2\/comments?post=9146"}],"version-history":[{"count":2,"href":"https:\/\/apps.taubate.sp.gov.br\/processoseletivo\/wp-json\/wp\/v2\/pages\/9146\/revisions"}],"predecessor-version":[{"id":9160,"href":"https:\/\/apps.taubate.sp.gov.br\/processoseletivo\/wp-json\/wp\/v2\/pages\/9146\/revisions\/9160"}],"wp:attachment":[{"href":"https:\/\/apps.taubate.sp.gov.br\/processoseletivo\/wp-json\/wp\/v2\/media?parent=9146"}],"curies":[{"name":"wp","href":"https:\/\/api.w.org\/{rel}","templated":true}]}}